{"id":2751,"date":"2022-01-27T16:53:52","date_gmt":"2022-01-27T07:53:52","guid":{"rendered":"https:\/\/harnics.com\/?page_id=2751"},"modified":"2025-03-14T17:36:39","modified_gmt":"2025-03-14T08:36:39","slug":"gej","status":"publish","type":"page","link":"https:\/\/harnics.com\/en\/product\/grommet-expander\/gej\/","title":{"rendered":"GEJ"},"content":{"rendered":"<p>[et_pb_section fb_built=&#8221;1&#8243; custom_padding_last_edited=&#8221;on|phone&#8221; _builder_version=&#8221;4.4.2&#8243; background_image=&#8221;https:\/\/harnics.com\/wp-content\/uploads\/2020\/04\/sub_Images_02-1.jpg&#8221; background_size=&#8221;initial&#8221; custom_padding_tablet=&#8221;&#8221; custom_padding_phone=&#8221;0px||0px||false|false&#8221; background_last_edited=&#8221;on|phone&#8221; background_size_phone=&#8221;cover&#8221; global_module=&#8221;1042&#8243; saved_tabs=&#8221;all&#8221; global_colors_info=&#8221;{}&#8221;][et_pb_row _builder_version=&#8221;4.16&#8243; global_colors_info=&#8221;{}&#8221;][et_pb_column type=&#8221;4_4&#8243; _builder_version=&#8221;4.16&#8243; global_colors_info=&#8221;{}&#8221;][et_pb_divider show_divider=&#8221;off&#8221; disabled_on=&#8221;on|off|off&#8221; _builder_version=&#8221;4.16&#8243; height=&#8221;70px&#8221; custom_margin=&#8221;||0px||false|false&#8221; global_colors_info=&#8221;{}&#8221;][\/et_pb_divider][et_pb_text admin_label=&#8221;\ud14d\uc2a4\ud2b8&#8221; _builder_version=&#8221;4.16&#8243; text_font=&#8221;Open Sans|600|||||||&#8221; text_text_color=&#8221;#000000&#8243; text_font_size=&#8221;50px&#8221; custom_margin=&#8221;||15px||false|false&#8221; text_font_size_tablet=&#8221;&#8221; text_font_size_phone=&#8221;30px&#8221; text_font_size_last_edited=&#8221;on|phone&#8221; global_colors_info=&#8221;{}&#8221;]<\/p>\n<p>PRODUCT<\/p>\n<p>[\/et_pb_text][et_pb_text admin_label=&#8221;\ud14d\uc2a4\ud2b8&#8221; _builder_version=&#8221;4.18.0&#8243; text_font=&#8221;Open Sans||||||||&#8221; text_text_color=&#8221;#000000&#8243; text_font_size=&#8221;18px&#8221; custom_margin=&#8221;||||false|false&#8221; custom_padding=&#8221;23px||||false|false&#8221; custom_padding_tablet=&#8221;&#8221; custom_padding_phone=&#8221;0px||||false|false&#8221; custom_padding_last_edited=&#8221;on|phone&#8221; global_colors_info=&#8221;{}&#8221;]<\/p>\n<p>From Tech To Innovation<\/p>\n<p>[\/et_pb_text][et_pb_divider show_divider=&#8221;off&#8221; disabled_on=&#8221;on|off|off&#8221; admin_label=&#8221;\ub514\ubc14\uc774\ub354&#8221; _builder_version=&#8221;4.16&#8243; height=&#8221;30px&#8221; custom_margin=&#8221;||0px||false|false&#8221; global_colors_info=&#8221;{}&#8221;][\/et_pb_divider][\/et_pb_column][\/et_pb_row][\/et_pb_section][et_pb_section fb_built=&#8221;1&#8243; _builder_version=&#8221;4.16&#8243; background_color=&#8221;#f9fafb&#8221; global_colors_info=&#8221;{}&#8221;][et_pb_row _builder_version=&#8221;4.16&#8243; background_color=&#8221;rgba(0,0,0,0)&#8221; global_colors_info=&#8221;{}&#8221;][et_pb_column type=&#8221;4_4&#8243; _builder_version=&#8221;4.16&#8243; global_colors_info=&#8221;{}&#8221;][et_pb_text admin_label=&#8221;\u2605 \uc81c\ud488\uba85 &#8211; \ud55c\uae00&#8221; _builder_version=&#8221;4.16&#8243; text_font_size=&#8221;35px&#8221; text_orientation=&#8221;center&#8221; global_colors_info=&#8221;{}&#8221;]<\/p>\n<p>Grommet Expander &#8211; GEJ<\/p>\n<p>[\/et_pb_text][\/et_pb_column][\/et_pb_row][\/et_pb_section][et_pb_section fb_built=&#8221;1&#8243; _builder_version=&#8221;4.16&#8243; global_colors_info=&#8221;{}&#8221;][et_pb_row column_structure=&#8221;1_2,1_2&#8243; _builder_version=&#8221;4.16&#8243; width=&#8221;100%&#8221; global_colors_info=&#8221;{}&#8221;][et_pb_column type=&#8221;1_2&#8243; _builder_version=&#8221;4.16&#8243; global_colors_info=&#8221;{}&#8221;][et_pb_text admin_label=&#8221;\u2605 \uc81c\ud488\uba85 &#8211; \uc601\ubb38&#8221; _builder_version=&#8221;4.16&#8243; text_font=&#8221;Noto Sans KR|500|||||||&#8221; text_text_color=&#8221;#000000&#8243; text_font_size=&#8221;24px&#8221; global_colors_info=&#8221;{}&#8221;]<\/p>\n<p>GROMMET EXPANDER &#8211; GEJ<\/p>\n<p>[\/et_pb_text][et_pb_accordion open_toggle_text_color=&#8221;#000000&#8243; open_toggle_background_color=&#8221;#ffffff&#8221; closed_toggle_background_color=&#8221;#f8f8f8&#8243; icon_color=&#8221;#000000&#8243; use_icon_font_size=&#8221;on&#8221; icon_font_size=&#8221;20px&#8221; admin_label=&#8221;\u2605 \uc81c\ud488\uc124\uba85 \uc81c\ud488\uc2a4\ud399&#8221; _builder_version=&#8221;4.27.4&#8243; toggle_font=&#8221;Noto Sans KR||||||||&#8221; border_width_all=&#8221;0px&#8221; border_width_top=&#8221;1px&#8221; border_color_top=&#8221;#999&#8243; border_width_bottom=&#8221;1px&#8221; border_color_bottom=&#8221;#999&#8243; global_colors_info=&#8221;{}&#8221;][et_pb_accordion_item title=&#8221;Description&#8221; open=&#8221;on&#8221; _builder_version=&#8221;4.27.4&#8243; global_colors_info=&#8221;{}&#8221;]<\/p>\n<ul>\n<li>Expands corrugated (bellows-type) grommets efficiently<\/li>\n<li>The working jig can be replaced according to the grommet\u2019s diameter (optional)<\/li>\n<li>A PC-based system enables log storage and seamless MES integration (GEJ100 model only)<\/li>\n<\/ul>\n<p>[\/et_pb_accordion_item][et_pb_accordion_item title=&#8221;Technical Data &#8211; GEJ100&#8243; _builder_version=&#8221;4.16&#8243; global_colors_info=&#8221;{}&#8221; open=&#8221;off&#8221;]<\/p>\n<ul>\n<li>OPERATING SYSTEM : Microsoft Windows 10<\/li>\n<li>POWER : A.C 100~220V 50\/60Hz<\/li>\n<li>OPERATING LANGUAGE : Korean, English, Chinese, Russian, etc.<\/li>\n<li>DISPLAY : 8&#8243; Touch Display<\/li>\n<li>WEIGHT : 48.8 kg<\/li>\n<li>SIZE : 250(W)x850(D)x736(H) mm<\/li>\n<li>WORKING PRESSURE : 0.5~0.6 MPa \/ Max. 7.5L\/min<\/li>\n<li>WORKING JIG(OPTIONAL) : \u00d810~\u00d825(Outside)\/\u00d820(Inside),\u00a0\u00d810~\u00d830(Outside)\/\u00d825(Inside), \u00d810~\u00d835(Outside)\/\u00d830(Inside)<\/li>\n<li>COMMUNICATION PORT : LAN, USB, Start SW<\/li>\n<li>OPTION : Barcode Scanner, UI Customizing, System Customizing, MES Connection Available, LOG System(DB), Foot Switch, Working Jig<\/li>\n<li>etc. : Built in OS Recovery System<\/li>\n<\/ul>\n<p>[\/et_pb_accordion_item][et_pb_accordion_item title=&#8221;Technical Data &#8211; GEJ110&#8243; _builder_version=&#8221;4.18.0&#8243; global_colors_info=&#8221;{}&#8221; open=&#8221;off&#8221;]<\/p>\n<ul>\n<li>OPERATING SYSTEM : MICOM<\/li>\n<li>POWER : A.C 100~220V 50\/60Hz<\/li>\n<li>OPERATING LANGUAGE : Korean, English, Chinese, Russian, etc.<\/li>\n<li>WEIGHT : 44.2 kg<\/li>\n<li>SIZE : 250(W)x850(D)x557(H) mm<\/li>\n<li>WORKING PRESSURE : 0.5~0.6 MPa \/ Max. 7.5L\/min<\/li>\n<li>WORKING JIG(OPTIONAL) : \u00d810~\u00d825(Outside)\/\u00d820(Inside),\u00a0\u00d810~\u00d830(Outside)\/\u00d825(Inside), \u00d810~\u00d835(Outside)\/\u00d830(Inside)<\/li>\n<li>COMMUNICATION PORT : Start SW<\/li>\n<li>OPTION : Foot Switch, Working Jig<\/li>\n<\/ul>\n<p>[\/et_pb_accordion_item][\/et_pb_accordion][et_pb_button button_url=&#8221;https:\/\/harnics.com\/wp-content\/uploads\/2024\/09\/HARNICS_Leaflet_GEJ.pdf&#8221; url_new_window=&#8221;on&#8221; button_text=&#8221;Leaflet Download&#8221; disabled_on=&#8221;off|off|off&#8221; admin_label=&#8221;\u2605 \uc81c\ud488\ub9e4\ub274\uc5bc\ub2e4\uc6b4\ub85c\ub4dc&#8221; _builder_version=&#8221;4.25.1&#8243; custom_button=&#8221;on&#8221; button_text_size=&#8221;13px&#8221; button_text_color=&#8221;#000000&#8243; button_bg_color=&#8221;#ffffff&#8221; button_border_width=&#8221;1px&#8221; button_border_color=&#8221;#000000&#8243; button_border_radius=&#8221;0px&#8221; button_icon=&#8221;&#xe05f;||divi||400&#8243; button_on_hover=&#8221;off&#8221; custom_padding=&#8221;5px|30px|||false|false&#8221; global_colors_info=&#8221;{}&#8221;][\/et_pb_button][\/et_pb_column][et_pb_column type=&#8221;1_2&#8243; _builder_version=&#8221;4.16&#8243; global_colors_info=&#8221;{}&#8221;][et_pb_image src=&#8221;https:\/\/harnics.com\/wp-content\/uploads\/2022\/03\/GEJ100.jpg&#8221; align=&#8221;center&#8221; admin_label=&#8221;\u2605 \uc81c\ud488\uc774\ubbf8\uc9c0&#8221; _builder_version=&#8221;4.16&#8243; animation_style=&#8221;fade&#8221; animation_direction=&#8221;left&#8221; global_colors_info=&#8221;{}&#8221;][\/et_pb_image][\/et_pb_column][\/et_pb_row][\/et_pb_section][et_pb_section fb_built=&#8221;1&#8243; _builder_version=&#8221;4.16&#8243; background_color=&#8221;#f8f8f8&#8243; custom_padding=&#8221;20px||20px||false|false&#8221; global_colors_info=&#8221;{}&#8221;][et_pb_row _builder_version=&#8221;4.16&#8243; global_colors_info=&#8221;{}&#8221;][et_pb_column type=&#8221;4_4&#8243; _builder_version=&#8221;4.16&#8243; global_colors_info=&#8221;{}&#8221;][et_pb_text admin_label=&#8221;VIDEO&#8221; module_class=&#8221;ptitle&#8221; _builder_version=&#8221;4.16&#8243; text_font=&#8221;Open Sans||||||||&#8221; text_text_color=&#8221;#000000&#8243; text_font_size=&#8221;24px&#8221; global_colors_info=&#8221;{}&#8221;]VIDEO[\/et_pb_text][\/et_pb_column][\/et_pb_row][et_pb_row column_structure=&#8221;1_5,3_5,1_5&#8243; _builder_version=&#8221;4.16&#8243; global_colors_info=&#8221;{}&#8221;][et_pb_column type=&#8221;1_5&#8243; _builder_version=&#8221;4.16&#8243; global_colors_info=&#8221;{}&#8221;][\/et_pb_column][et_pb_column type=&#8221;3_5&#8243; _builder_version=&#8221;4.16&#8243; global_colors_info=&#8221;{}&#8221;][et_pb_video src=&#8221;https:\/\/youtu.be\/vF6cOSj4WVM&#8221; thumbnail_overlay_color=&#8221;rgba(0,0,0,0.6)&#8221; admin_label=&#8221;\u2605 \uc81c\ud488\ub3d9\uc601\uc0c1&#8221; _builder_version=&#8221;4.16&#8243; global_colors_info=&#8221;{}&#8221;][\/et_pb_video][\/et_pb_column][et_pb_column type=&#8221;1_5&#8243; _builder_version=&#8221;4.16&#8243; global_colors_info=&#8221;{}&#8221;][\/et_pb_column][\/et_pb_row][\/et_pb_section][et_pb_section fb_built=&#8221;1&#8243; _builder_version=&#8221;4.16&#8243; global_colors_info=&#8221;{}&#8221;][et_pb_row _builder_version=&#8221;4.16&#8243; global_colors_info=&#8221;{}&#8221;][et_pb_column type=&#8221;4_4&#8243; _builder_version=&#8221;4.16&#8243; global_colors_info=&#8221;{}&#8221;][et_pb_text admin_label=&#8221;PHOTO&#8221; module_class=&#8221;ptitle&#8221; _builder_version=&#8221;4.16&#8243; text_font=&#8221;Open Sans||||||||&#8221; text_text_color=&#8221;#000000&#8243; text_font_size=&#8221;24px&#8221; global_colors_info=&#8221;{}&#8221;]PHOTO[\/et_pb_text][\/et_pb_column][\/et_pb_row][et_pb_row admin_label=&#8221;\u2605 \uc81c\ud488 \uae30\ud0c0 \uc774\ubbf8\uc9c0&#8221; _builder_version=&#8221;4.16&#8243; global_colors_info=&#8221;{}&#8221;][et_pb_column type=&#8221;4_4&#8243; _builder_version=&#8221;4.16&#8243; global_colors_info=&#8221;{}&#8221;][et_pb_gallery gallery_ids=&#8221;3319,3320,3321,3322&#8243; posts_number=&#8221;8&#8243; show_title_and_caption=&#8221;off&#8221; show_pagination=&#8221;off&#8221; admin_label=&#8221;\u2605 \uc81c\ud488\uac24\ub7ec\ub9ac&#8221; _builder_version=&#8221;4.16&#8243; border_width_all=&#8221;5px&#8221; border_color_all=&#8221;#ddd&#8221; global_colors_info=&#8221;{}&#8221;][\/et_pb_gallery][\/et_pb_column][\/et_pb_row][\/et_pb_section]<\/p>\n","protected":false},"excerpt":{"rendered":"<p>PRODUCTFrom Tech To InnovationGrommet Expander &#8211; GEJGROMMET EXPANDER &#8211; GEJ Expands corrugated (bellows-type) grommets efficiently The working jig can be replaced according to the grommet\u2019s diameter (optional) A PC-based system enables log storage and seamless MES integration (GEJ100 model only) OPERATING SYSTEM : Microsoft Windows 10 POWER : A.C 100~220V 50\/60Hz OPERATING LANGUAGE : Korean, [&hellip;]<\/p>\n","protected":false},"author":1,"featured_media":0,"parent":3408,"menu_order":0,"comment_status":"closed","ping_status":"closed","template":"","meta":{"_et_pb_use_builder":"on","_et_pb_old_content":"","_et_gb_content_width":"","footnotes":""},"class_list":["post-2751","page","type-page","status-publish","hentry"],"_links":{"self":[{"href":"https:\/\/harnics.com\/en\/wp-json\/wp\/v2\/pages\/2751","targetHints":{"allow":["GET"]}}],"collection":[{"href":"https:\/\/harnics.com\/en\/wp-json\/wp\/v2\/pages"}],"about":[{"href":"https:\/\/harnics.com\/en\/wp-json\/wp\/v2\/types\/page"}],"author":[{"embeddable":true,"href":"https:\/\/harnics.com\/en\/wp-json\/wp\/v2\/users\/1"}],"replies":[{"embeddable":true,"href":"https:\/\/harnics.com\/en\/wp-json\/wp\/v2\/comments?post=2751"}],"version-history":[{"count":31,"href":"https:\/\/harnics.com\/en\/wp-json\/wp\/v2\/pages\/2751\/revisions"}],"predecessor-version":[{"id":4653,"href":"https:\/\/harnics.com\/en\/wp-json\/wp\/v2\/pages\/2751\/revisions\/4653"}],"up":[{"embeddable":true,"href":"https:\/\/harnics.com\/en\/wp-json\/wp\/v2\/pages\/3408"}],"wp:attachment":[{"href":"https:\/\/harnics.com\/en\/wp-json\/wp\/v2\/media?parent=2751"}],"curies":[{"name":"wp","href":"https:\/\/api.w.org\/{rel}","templated":true}]}}